{"id":9,"date":"2024-12-30T20:26:49","date_gmt":"2024-12-30T23:26:49","guid":{"rendered":"https:\/\/protocolonaturalonline.online\/?page_id=9"},"modified":"2025-01-30T18:47:04","modified_gmt":"2025-01-30T21:47:04","slug":"5-segredos","status":"publish","type":"page","link":"https:\/\/protocolonaturalonline.online\/","title":{"rendered":"5 segredos para ter um metabolismo que queima gordura at\u00e9 dormindo"},"content":{"rendered":"\t\t<div data-elementor-type=\"wp-page\" data-elementor-id=\"9\" class=\"elementor elementor-9\">\n\t\t\t\t<div class=\"elementor-element elementor-element-5434f08 e-flex e-con-boxed e-con e-parent\" data-id=\"5434f08\" data-element_type=\"container\">\n\t\t\t\t\t<div class=\"e-con-inner\">\n\t\t\t\t<div class=\"elementor-element elementor-element-d957c4c elementor-widget elementor-widget-text-editor\" data-id=\"d957c4c\" data-element_type=\"widget\" data-widget_type=\"text-editor.default\">\n\t\t\t\t<div class=\"elementor-widget-container\">\n\t\t\t\t\t\t\t\t\t<p><strong>Aula gratuita e grupo vip no Whatsapp<\/strong><\/p>\t\t\t\t\t\t\t\t<\/div>\n\t\t\t\t<\/div>\n\t\t\t\t<div class=\"elementor-element elementor-element-8ed285a elementor-widget elementor-widget-heading\" data-id=\"8ed285a\" data-element_type=\"widget\" data-widget_type=\"heading.default\">\n\t\t\t\t<div class=\"elementor-widget-container\">\n\t\t\t\t\t<h2 class=\"elementor-heading-title elementor-size-default\">DESCUBRA O SEGREDO PARA DESBLOQUEAR O SEU METABOLISMO E PERDER BARRIGA EM APENAS 7 DIAS<\/h2>\t\t\t\t<\/div>\n\t\t\t\t<\/div>\n\t\t\t\t<div class=\"elementor-element elementor-element-5d0793f elementor-widget elementor-widget-text-editor\" data-id=\"5d0793f\" data-element_type=\"widget\" data-widget_type=\"text-editor.default\">\n\t\t\t\t<div class=\"elementor-widget-container\">\n\t\t\t\t\t\t\t\t\t<p>Nesta aula voc\u00ea vai aprender a como ter um metabolismo super potente para poder emagrecer, mesmo que voc\u00ea tenha mais de 30 anos e que ja tenha tentado de tudo.<\/p><p>-&gt; <em>Sem precisar de dietas, exerc\u00edcios chatos ou card\u00e1pios mirabolantes&#8230;<\/em><\/p><p><strong>Clique no bot\u00e3o abaixo para entrar no grupo vip e garantir a sua vaga na apresenta\u00e7\u00e3o.<\/strong><\/p>\t\t\t\t\t\t\t\t<\/div>\n\t\t\t\t<\/div>\n\t\t\t\t<div class=\"elementor-element elementor-element-77a9316 elementor-align-center elementor-widget__width-inherit elementor-widget elementor-widget-button\" data-id=\"77a9316\" data-element_type=\"widget\" data-widget_type=\"button.default\">\n\t\t\t\t<div class=\"elementor-widget-container\">\n\t\t\t\t\t\t\t\t\t<div class=\"elementor-button-wrapper\">\n\t\t\t\t\t<a class=\"elementor-button elementor-button-link elementor-size-sm\" href=\"https:\/\/chat.whatsapp.com\/E6hThDWcX4cJ3kZuOm3GWM\">\n\t\t\t\t\t\t<span class=\"elementor-button-content-wrapper\">\n\t\t\t\t\t\t\t\t\t<span class=\"elementor-button-text\">CLIQUE AQUI E ENTRE NO GRUPO<\/span>\n\t\t\t\t\t<\/span>\n\t\t\t\t\t<\/a>\n\t\t\t\t<\/div>\n\t\t\t\t\t\t\t\t<\/div>\n\t\t\t\t<\/div>\n\t\t\t\t<div class=\"elementor-element elementor-element-0fb8021 elementor-widget elementor-widget-heading\" data-id=\"0fb8021\" data-element_type=\"widget\" data-widget_type=\"heading.default\">\n\t\t\t\t<div class=\"elementor-widget-container\">\n\t\t\t\t\t<h2 class=\"elementor-heading-title elementor-size-default\">VOC\u00ca VAI APRENDER ISSO E MUITO MAIS!<\/h2>\t\t\t\t<\/div>\n\t\t\t\t<\/div>\n\t\t\t\t<div class=\"elementor-element elementor-element-db04aa5 elementor-widget elementor-widget-text-editor\" data-id=\"db04aa5\" data-element_type=\"widget\" data-widget_type=\"text-editor.default\">\n\t\t\t\t<div class=\"elementor-widget-container\">\n\t\t\t\t\t\t\t\t\t<p><span style=\"text-decoration: underline;\"><strong>CHOQUE METAB\u00d3LICO: <\/strong><\/span><\/p>\t\t\t\t\t\t\t\t<\/div>\n\t\t\t\t<\/div>\n\t\t\t\t<div class=\"elementor-element elementor-element-8751447 elementor-widget elementor-widget-image\" data-id=\"8751447\" data-element_type=\"widget\" data-widget_type=\"image.default\">\n\t\t\t\t<div class=\"elementor-widget-container\">\n\t\t\t\t\t\t\t\t\t\t\t\t\t\t\t<img decoding=\"async\" width=\"150\" height=\"150\" src=\"https:\/\/protocolonaturalonline.online\/wp-content\/uploads\/2025\/01\/Design-sem-nome-15-150x150.png\" class=\"attachment-thumbnail size-thumbnail wp-image-63\" alt=\"\" srcset=\"https:\/\/protocolonaturalonline.online\/wp-content\/uploads\/2025\/01\/Design-sem-nome-15-150x150.png 150w, https:\/\/protocolonaturalonline.online\/wp-content\/uploads\/2025\/01\/Design-sem-nome-15-300x300.png 300w, https:\/\/protocolonaturalonline.online\/wp-content\/uploads\/2025\/01\/Design-sem-nome-15-1024x1024.png 1024w, https:\/\/protocolonaturalonline.online\/wp-content\/uploads\/2025\/01\/Design-sem-nome-15-768x768.png 768w, https:\/\/protocolonaturalonline.online\/wp-content\/uploads\/2025\/01\/Design-sem-nome-15.png 1080w\" sizes=\"(max-width: 150px) 100vw, 150px\" \/>\t\t\t\t\t\t\t\t\t\t\t\t\t\t\t<\/div>\n\t\t\t\t<\/div>\n\t\t\t\t<div class=\"elementor-element elementor-element-6c9adf9 elementor-widget elementor-widget-text-editor\" data-id=\"6c9adf9\" data-element_type=\"widget\" data-widget_type=\"text-editor.default\">\n\t\t\t\t<div class=\"elementor-widget-container\">\n\t\t\t\t\t\t\t\t\t<p>Vou te ensinar o maior segredos escondido pela ind\u00fastria farmac\u00eautica sobre metabolismo, elas n\u00e3o querem que voc\u00ea aprenda a desbloquear o seu metabolismo para emagrecer&#8230;<\/p>\t\t\t\t\t\t\t\t<\/div>\n\t\t\t\t<\/div>\n\t\t\t\t<div class=\"elementor-element elementor-element-cbfc51d elementor-widget elementor-widget-text-editor\" data-id=\"cbfc51d\" data-element_type=\"widget\" data-widget_type=\"text-editor.default\">\n\t\t\t\t<div class=\"elementor-widget-container\">\n\t\t\t\t\t\t\t\t\t<p><span style=\"text-decoration: underline;\"><strong>LISTA DE ALIMENTOS METAB\u00d3LICOS:<\/strong><\/span><\/p>\t\t\t\t\t\t\t\t<\/div>\n\t\t\t\t<\/div>\n\t\t\t\t<div class=\"elementor-element elementor-element-cf4fb29 elementor-widget elementor-widget-image\" data-id=\"cf4fb29\" data-element_type=\"widget\" data-widget_type=\"image.default\">\n\t\t\t\t<div class=\"elementor-widget-container\">\n\t\t\t\t\t\t\t\t\t\t\t\t\t\t\t<img decoding=\"async\" width=\"150\" height=\"150\" src=\"https:\/\/protocolonaturalonline.online\/wp-content\/uploads\/2024\/12\/VERDE-AMERELO-VERMELHO-150x150.png\" class=\"attachment-thumbnail size-thumbnail wp-image-42\" alt=\"\" srcset=\"https:\/\/protocolonaturalonline.online\/wp-content\/uploads\/2024\/12\/VERDE-AMERELO-VERMELHO-150x150.png 150w, https:\/\/protocolonaturalonline.online\/wp-content\/uploads\/2024\/12\/VERDE-AMERELO-VERMELHO-300x300.png 300w, https:\/\/protocolonaturalonline.online\/wp-content\/uploads\/2024\/12\/VERDE-AMERELO-VERMELHO-1024x1024.png 1024w, https:\/\/protocolonaturalonline.online\/wp-content\/uploads\/2024\/12\/VERDE-AMERELO-VERMELHO-768x768.png 768w, https:\/\/protocolonaturalonline.online\/wp-content\/uploads\/2024\/12\/VERDE-AMERELO-VERMELHO.png 1080w\" sizes=\"(max-width: 150px) 100vw, 150px\" \/>\t\t\t\t\t\t\t\t\t\t\t\t\t\t\t<\/div>\n\t\t\t\t<\/div>\n\t\t\t\t<div class=\"elementor-element elementor-element-429472d elementor-widget elementor-widget-text-editor\" data-id=\"429472d\" data-element_type=\"widget\" data-widget_type=\"text-editor.default\">\n\t\t\t\t<div class=\"elementor-widget-container\">\n\t\t\t\t\t\t\t\t\t<p>Voc\u00ea ter\u00e1 acesso a uma tabela de alimentos, contendo todos os alimentos do mundo, onde s\u00e3o classificados em cores verde, amarelo e vermelho&#8230;<\/p><p>Os que podem comer na cor verde, alimentos moderado na cor amarela e os que voc\u00ea tem que evitar est\u00e3o na cor vermelho.<\/p>\t\t\t\t\t\t\t\t<\/div>\n\t\t\t\t<\/div>\n\t\t\t\t<div class=\"elementor-element elementor-element-eee3e23 elementor-widget elementor-widget-text-editor\" data-id=\"eee3e23\" data-element_type=\"widget\" data-widget_type=\"text-editor.default\">\n\t\t\t\t<div class=\"elementor-widget-container\">\n\t\t\t\t\t\t\t\t\t<p><span style=\"text-decoration: underline;\"><strong>COMBINA\u00c7\u00d5ES DE SHOTS E CH\u00c1S:<\/strong><\/span><\/p>\t\t\t\t\t\t\t\t<\/div>\n\t\t\t\t<\/div>\n\t\t\t\t<div class=\"elementor-element elementor-element-89134a2 elementor-widget elementor-widget-image\" data-id=\"89134a2\" data-element_type=\"widget\" data-widget_type=\"image.default\">\n\t\t\t\t<div class=\"elementor-widget-container\">\n\t\t\t\t\t\t\t\t\t\t\t\t\t\t\t<img decoding=\"async\" width=\"150\" height=\"150\" src=\"https:\/\/protocolonaturalonline.online\/wp-content\/uploads\/2024\/12\/VERDE-AMERELO-VERMELHO-1-150x150.png\" class=\"attachment-thumbnail size-thumbnail wp-image-43\" alt=\"\" srcset=\"https:\/\/protocolonaturalonline.online\/wp-content\/uploads\/2024\/12\/VERDE-AMERELO-VERMELHO-1-150x150.png 150w, https:\/\/protocolonaturalonline.online\/wp-content\/uploads\/2024\/12\/VERDE-AMERELO-VERMELHO-1-300x300.png 300w, https:\/\/protocolonaturalonline.online\/wp-content\/uploads\/2024\/12\/VERDE-AMERELO-VERMELHO-1-1024x1024.png 1024w, https:\/\/protocolonaturalonline.online\/wp-content\/uploads\/2024\/12\/VERDE-AMERELO-VERMELHO-1-768x768.png 768w, https:\/\/protocolonaturalonline.online\/wp-content\/uploads\/2024\/12\/VERDE-AMERELO-VERMELHO-1.png 1080w\" sizes=\"(max-width: 150px) 100vw, 150px\" \/>\t\t\t\t\t\t\t\t\t\t\t\t\t\t\t<\/div>\n\t\t\t\t<\/div>\n\t\t\t\t<div class=\"elementor-element elementor-element-d37b65d elementor-widget elementor-widget-text-editor\" data-id=\"d37b65d\" data-element_type=\"widget\" data-widget_type=\"text-editor.default\">\n\t\t\t\t<div class=\"elementor-widget-container\">\n\t\t\t\t\t\t\t\t\t<p>Combina\u00e7\u00f5es poderosos de Shots e ch\u00e1s que misturados da forma correta podem ajudar o seu corpo a SECAR e perder muita pochete! vou te explicar tudo nessa aula!<\/p>\t\t\t\t\t\t\t\t<\/div>\n\t\t\t\t<\/div>\n\t\t\t\t<div class=\"elementor-element elementor-element-519ddf8 elementor-align-center elementor-widget__width-inherit elementor-widget elementor-widget-button\" data-id=\"519ddf8\" data-element_type=\"widget\" data-widget_type=\"button.default\">\n\t\t\t\t<div class=\"elementor-widget-container\">\n\t\t\t\t\t\t\t\t\t<div class=\"elementor-button-wrapper\">\n\t\t\t\t\t<a class=\"elementor-button elementor-button-link elementor-size-sm\" href=\"https:\/\/chat.whatsapp.com\/E6hThDWcX4cJ3kZuOm3GWM\">\n\t\t\t\t\t\t<span class=\"elementor-button-content-wrapper\">\n\t\t\t\t\t\t\t\t\t<span class=\"elementor-button-text\">CLIQUE AQUI E ENTRE NO GRUPO<\/span>\n\t\t\t\t\t<\/span>\n\t\t\t\t\t<\/a>\n\t\t\t\t<\/div>\n\t\t\t\t\t\t\t\t<\/div>\n\t\t\t\t<\/div>\n\t\t\t\t<div class=\"elementor-element elementor-element-6a33e72 elementor-widget elementor-widget-heading\" data-id=\"6a33e72\" data-element_type=\"widget\" data-widget_type=\"heading.default\">\n\t\t\t\t<div class=\"elementor-widget-container\">\n\t\t\t\t\t<h2 class=\"elementor-heading-title elementor-size-default\">Oi, sou o Dr Renato Campos!<\/h2>\t\t\t\t<\/div>\n\t\t\t\t<\/div>\n\t\t\t\t<div class=\"elementor-element elementor-element-5b0e46b elementor-widget elementor-widget-image\" data-id=\"5b0e46b\" data-element_type=\"widget\" data-widget_type=\"image.default\">\n\t\t\t\t<div class=\"elementor-widget-container\">\n\t\t\t\t\t\t\t\t\t\t\t\t\t\t\t<img loading=\"lazy\" decoding=\"async\" width=\"300\" height=\"300\" src=\"https:\/\/protocolonaturalonline.online\/wp-content\/uploads\/2025\/01\/Design-sem-nome-11-300x300.png\" class=\"attachment-medium size-medium wp-image-54\" alt=\"\" srcset=\"https:\/\/protocolonaturalonline.online\/wp-content\/uploads\/2025\/01\/Design-sem-nome-11-300x300.png 300w, https:\/\/protocolonaturalonline.online\/wp-content\/uploads\/2025\/01\/Design-sem-nome-11-1024x1024.png 1024w, https:\/\/protocolonaturalonline.online\/wp-content\/uploads\/2025\/01\/Design-sem-nome-11-150x150.png 150w, https:\/\/protocolonaturalonline.online\/wp-content\/uploads\/2025\/01\/Design-sem-nome-11-768x768.png 768w, https:\/\/protocolonaturalonline.online\/wp-content\/uploads\/2025\/01\/Design-sem-nome-11.png 1080w\" sizes=\"(max-width: 300px) 100vw, 300px\" \/>\t\t\t\t\t\t\t\t\t\t\t\t\t\t\t<\/div>\n\t\t\t\t<\/div>\n\t\t\t\t<div class=\"elementor-element elementor-element-ffe9f34 elementor-widget elementor-widget-text-editor\" data-id=\"ffe9f34\" data-element_type=\"widget\" data-widget_type=\"text-editor.default\">\n\t\t\t\t<div class=\"elementor-widget-container\">\n\t\t\t\t\t\t\t\t\t<p>Pesquisador na \u00e1rea de Queima de Gordura, com Doutorado em Medicina e formada em nutri\u00e7\u00e3o. Desenvolveu um m\u00e9todo 100% natural capaz de ativar a queima de gordura de forma natural e definitiva!<\/p><p>Atrav\u00e9s da internet ele tem a miss\u00e3o de ajudar milhares de pessoas a terem uma vida mais saud\u00e1vel e perder gordura sem perder massa muscular, utilizando todo poder dos alimentos e de f\u00f3rmulas e estrat\u00e9gias naturais que s\u00e3o capazes de eliminar qualquer tipo de gordura, inclusive a da barriga.<\/p>\t\t\t\t\t\t\t\t<\/div>\n\t\t\t\t<\/div>\n\t\t\t\t<div class=\"elementor-element elementor-element-094d11f elementor-widget elementor-widget-heading\" data-id=\"094d11f\" data-element_type=\"widget\" data-widget_type=\"heading.default\">\n\t\t\t\t<div class=\"elementor-widget-container\">\n\t\t\t\t\t<h2 class=\"elementor-heading-title elementor-size-default\">N\u00e3o esque\u00e7a, entre no grupo vip para voc\u00ea aprender a ter um metabolismo super potente...<\/h2>\t\t\t\t<\/div>\n\t\t\t\t<\/div>\n\t\t\t\t<div class=\"elementor-element elementor-element-89c1897 elementor-align-center elementor-widget__width-inherit elementor-widget elementor-widget-button\" data-id=\"89c1897\" data-element_type=\"widget\" data-widget_type=\"button.default\">\n\t\t\t\t<div class=\"elementor-widget-container\">\n\t\t\t\t\t\t\t\t\t<div class=\"elementor-button-wrapper\">\n\t\t\t\t\t<a class=\"elementor-button elementor-button-link elementor-size-sm\" href=\"https:\/\/chat.whatsapp.com\/E6hThDWcX4cJ3kZuOm3GWM\">\n\t\t\t\t\t\t<span class=\"elementor-button-content-wrapper\">\n\t\t\t\t\t\t\t\t\t<span class=\"elementor-button-text\">CLIQUE AQUI E ENTRE NO GRUPO<\/span>\n\t\t\t\t\t<\/span>\n\t\t\t\t\t<\/a>\n\t\t\t\t<\/div>\n\t\t\t\t\t\t\t\t<\/div>\n\t\t\t\t<\/div>\n\t\t\t\t\t<\/div>\n\t\t\t\t<\/div>\n\t\t\t\t<\/div>\n\t\t","protected":false},"excerpt":{"rendered":"<p>Aula gratuita e grupo vip no Whatsapp DESCUBRA O SEGREDO PARA DESBLOQUEAR O SEU METABOLISMO E PERDER BARRIGA EM APENAS 7 DIAS Nesta aula voc\u00ea vai aprender a como ter um metabolismo super potente para poder emagrecer, mesmo que voc\u00ea tenha mais de 30 anos e que ja tenha tentado de tudo. -&gt; Sem precisar [&hellip;]<\/p>\n","protected":false},"author":1,"featured_media":0,"parent":0,"menu_order":0,"comment_status":"closed","ping_status":"closed","template":"elementor_header_footer","meta":{"footnotes":""},"class_list":["post-9","page","type-page","status-publish","hentry"],"_links":{"self":[{"href":"https:\/\/protocolonaturalonline.online\/index.php\/wp-json\/wp\/v2\/pages\/9","targetHints":{"allow":["GET"]}}],"collection":[{"href":"https:\/\/protocolonaturalonline.online\/index.php\/wp-json\/wp\/v2\/pages"}],"about":[{"href":"https:\/\/protocolonaturalonline.online\/index.php\/wp-json\/wp\/v2\/types\/page"}],"author":[{"embeddable":true,"href":"https:\/\/protocolonaturalonline.online\/index.php\/wp-json\/wp\/v2\/users\/1"}],"replies":[{"embeddable":true,"href":"https:\/\/protocolonaturalonline.online\/index.php\/wp-json\/wp\/v2\/comments?post=9"}],"version-history":[{"count":82,"href":"https:\/\/protocolonaturalonline.online\/index.php\/wp-json\/wp\/v2\/pages\/9\/revisions"}],"predecessor-version":[{"id":111,"href":"https:\/\/protocolonaturalonline.online\/index.php\/wp-json\/wp\/v2\/pages\/9\/revisions\/111"}],"wp:attachment":[{"href":"https:\/\/protocolonaturalonline.online\/index.php\/wp-json\/wp\/v2\/media?parent=9"}],"curies":[{"name":"wp","href":"https:\/\/api.w.org\/{rel}","templated":true}]}}